{"id":112,"date":"2021-03-15T10:40:40","date_gmt":"2021-03-15T10:40:40","guid":{"rendered":"https:\/\/ayurveda-am-chiemsee.com\/?page_id=112"},"modified":"2021-04-20T13:09:52","modified_gmt":"2021-04-20T13:09:52","slug":"start","status":"publish","type":"page","link":"https:\/\/ayurveda-am-chiemsee.com\/","title":{"rendered":"Home"},"content":{"rendered":"<div id=\"pl-112\"  class=\"panel-layout\" ><div id=\"pg-112-0\"  class=\"panel-grid panel-has-style\" ><div style=\"padding: 100px 0; \" data-overlay=\"true\" data-overlay-color=\"#000000\" class=\"panel-row-style panel-row-style-for-112-0\" ><div id=\"pgc-112-0-0\"  class=\"panel-grid-cell\" ><div id=\"panel-112-0-0-0\" class=\"so-panel widget widget_sow-editor panel-first-child\" data-index=\"0\" ><div style=\"text-align: left;\" data-title-color=\"#443f3f\" data-headings-color=\"#443f3f\" class=\"panel-widget-style panel-widget-style-for-112-0-0-0\" ><div\n\t\t\t\n\t\t\tclass=\"so-widget-sow-editor so-widget-sow-editor-base\"\n\t\t\t\n\t\t>\n<div class=\"siteorigin-widget-tinymce textwidget\">\n\t<h3>Ayurveda - das Wissen vom langen Leben<\/h3>\n<p>Ayurveda ist der \u00e4lteste \u00fcberlieferte Wissenschatz \u00fcber Gesundheit und Heilkunst. \u00dcbersetzt bedeutet Ayurveda das Wissen vom Leben: Ayu = Leben, Veda = Wissen. Ayurveda blickt auf eine \u00fcber 5000 j\u00e4hrige Geschichte zur\u00fcck, in der sich diese traditionelle indische Heilkunst immer weiter entwickelt hat.\u00a0 Ayurveda versteht den Menschen als Ganzes und umfasst ein harmonisch abgestimmtes Konzept aus Massagen, \u00d6lbehandlungen, Ern\u00e4hrung und Bewegung als Zusammenspiel der verschiedensten Energien, die im K\u00f6rper wirken. F\u00fcr jeden Menschen, egal welcher Grundkonstitution, bedeutet der Weg des Ayurveda ein ganzheitliches Heilsystem, durch das Gesundheit, Vitalit\u00e4t und Lebensfreude erhalten und verst\u00e4rkt werden kann. Tauchen Sie ein in diese neue Erfahrung von Gesundheit und Wohlbefinden. Ich freue mich auf Sie!<\/p>\n<a class=\"maxbutton-1 maxbutton maxbutton-mehr-erfahren\" target=\"_blank\" rel=\"noopener\" href=\"\/index.php\/ayurveda-kuren\/\"><span class='mb-text'>Mehr erfahren<\/span><\/a>\n<p>&nbsp;<\/p>\n<p>&nbsp;<\/p>\n<p>&nbsp;<\/p>\n<p>&nbsp;<\/p>\n<p>&nbsp;<\/p>\n<\/div>\n<\/div><\/div><\/div><div id=\"panel-112-0-0-1\" class=\"so-panel widget widget_sow-hero panel-last-child\" data-index=\"1\" ><div style=\"text-align: left;\" data-title-color=\"#443f3f\" data-headings-color=\"#443f3f\" class=\"panel-widget-style panel-widget-style-for-112-0-0-1\" ><div\n\t\t\t\n\t\t\tclass=\"so-widget-sow-hero so-widget-sow-hero-default-6e283e92799f-112 so-widget-fittext-wrapper\"\n\t\t\t data-fit-text-compressor=\"0.85\"\n\t\t>\t\t\t\t<div class=\"sow-slider-base\" style=\"display: none\" tabindex=\"0\">\n\t\t\t\t\t<ul\n\t\t\t\t\tclass=\"sow-slider-images\"\n\t\t\t\t\tdata-settings=\"{&quot;pagination&quot;:true,&quot;speed&quot;:800,&quot;timeout&quot;:8000,&quot;paused&quot;:false,&quot;pause_on_hover&quot;:false,&quot;swipe&quot;:true,&quot;nav_always_show_desktop&quot;:&quot;&quot;,&quot;nav_always_show_mobile&quot;:&quot;&quot;,&quot;breakpoint&quot;:&quot;780px&quot;,&quot;unmute&quot;:false,&quot;anchor&quot;:null}\"\n\t\t\t\t\t\t\t\t\t\tdata-anchor-id=\"\"\n\t\t\t\t>\t\t<li class=\"sow-slider-image  sow-slider-image-cover\" style=\"visibility: visible;;background-color: #333333;background-image: url(https:\/\/ayurveda-am-chiemsee.com\/wp-content\/uploads\/2021\/03\/avin-cp-zaaXmaX9Sq4-unsplash-scaled.jpg)\" >\n\t\t\t\t\t<div class=\"sow-slider-image-container\">\n\t\t\t<div class=\"sow-slider-image-wrapper\">\n\t\t\t\t<p>&nbsp;<\/p>\n<p style=\"text-align: center\">\n<\/p><p>&nbsp;<\/p>\n<p>&nbsp;<\/p>\n<p>&nbsp;<\/p>\n<p>&nbsp;<\/p>\n<p>&nbsp;<\/p>\n<p>&nbsp;<\/p>\n<p>&nbsp;<\/p>\n<p>&nbsp;<\/p>\n\t\t\t<\/div>\n\t\t<\/div>\n\t\t\t\t<\/li>\n\t\t<\/ul>\t\t\t\t<ol class=\"sow-slider-pagination\">\n\t\t\t\t\t\t\t\t\t\t\t<li><a href=\"#\" data-goto=\"0\" aria-label=\"Display slide 1\"><\/a><\/li>\n\t\t\t\t\t\t\t\t\t<\/ol>\n\n\t\t\t\t<div class=\"sow-slide-nav sow-slide-nav-next\">\n\t\t\t\t\t<a href=\"#\" data-goto=\"next\" aria-label=\"Next slide\" data-action=\"next\">\n\t\t\t\t\t\t<em class=\"sow-sld-icon-thin-right\"><\/em>\n\t\t\t\t\t<\/a>\n\t\t\t\t<\/div>\n\n\t\t\t\t<div class=\"sow-slide-nav sow-slide-nav-prev\">\n\t\t\t\t\t<a href=\"#\" data-goto=\"previous\" aria-label=\"Previous slide\" data-action=\"prev\">\n\t\t\t\t\t\t<em class=\"sow-sld-icon-thin-left\"><\/em>\n\t\t\t\t\t<\/a>\n\t\t\t\t<\/div>\n\t\t\t\t<\/div><\/div><\/div><\/div><\/div><\/div><\/div><\/div>","protected":false},"excerpt":{"rendered":"<p>Ayurveda &#8211; das Wissen vom langen Leben Ayurveda ist der \u00e4lteste \u00fcberlieferte Wissenschatz \u00fcber Gesundheit und Heilkunst. \u00dcbersetzt bedeutet Ayurveda das Wissen [&hellip;]<\/p>\n","protected":false},"author":1,"featured_media":94,"parent":0,"menu_order":0,"comment_status":"closed","ping_status":"closed","template":"page-templates\/page_fullwidth.php","meta":{"footnotes":""},"class_list":["post-112","page","type-page","status-publish","has-post-thumbnail","hentry"],"yoast_head":"<!-- This site is optimized with the Yoast SEO plugin v19.7.2 - https:\/\/yoast.com\/wordpress\/plugins\/seo\/ -->\n<title>Home - Ayurveda am Chiemsee<\/title>\n<meta name=\"description\" content=\"Ayurveda Kuren und Behandlungen am sch\u00f6nen Chiemsee in privater Umgebung.\" \/>\n<meta name=\"robots\" content=\"index, follow, max-snippet:-1, max-image-preview:large, max-video-preview:-1\" \/>\n<link rel=\"canonical\" href=\"https:\/\/ayurveda-am-chiemsee.com\/\" \/>\n<meta property=\"og:locale\" content=\"de_DE\" \/>\n<meta property=\"og:type\" content=\"article\" \/>\n<meta property=\"og:title\" content=\"Home - Ayurveda am Chiemsee\" \/>\n<meta property=\"og:description\" content=\"Ayurveda Kuren und Behandlungen am sch\u00f6nen Chiemsee in privater Umgebung.\" \/>\n<meta property=\"og:url\" content=\"https:\/\/ayurveda-am-chiemsee.com\/\" \/>\n<meta property=\"og:site_name\" content=\"Ayurveda am Chiemsee\" \/>\n<meta property=\"article:modified_time\" content=\"2021-04-20T13:09:52+00:00\" \/>\n<meta property=\"og:image\" content=\"https:\/\/ayurveda-am-chiemsee.com\/wp-content\/uploads\/2021\/03\/katherine-hanlon-mod2s3-qFOc-unsplash-scaled.jpg\" \/>\n\t<meta property=\"og:image:width\" content=\"2560\" \/>\n\t<meta property=\"og:image:height\" content=\"1656\" \/>\n\t<meta property=\"og:image:type\" content=\"image\/jpeg\" \/>\n<meta name=\"twitter:card\" content=\"summary_large_image\" \/>\n<meta name=\"twitter:label1\" content=\"Gesch\u00e4tzte Lesezeit\" \/>\n\t<meta name=\"twitter:data1\" content=\"1\u00a0Minute\" \/>\n<script type=\"application\/ld+json\" class=\"yoast-schema-graph\">{\"@context\":\"https:\/\/schema.org\",\"@graph\":[{\"@type\":\"WebPage\",\"@id\":\"https:\/\/ayurveda-am-chiemsee.com\/\",\"url\":\"https:\/\/ayurveda-am-chiemsee.com\/\",\"name\":\"Home - Ayurveda am Chiemsee\",\"isPartOf\":{\"@id\":\"https:\/\/ayurveda-am-chiemsee.com\/#website\"},\"datePublished\":\"2021-03-15T10:40:40+00:00\",\"dateModified\":\"2021-04-20T13:09:52+00:00\",\"description\":\"Ayurveda Kuren und Behandlungen am sch\u00f6nen Chiemsee in privater Umgebung.\",\"breadcrumb\":{\"@id\":\"https:\/\/ayurveda-am-chiemsee.com\/#breadcrumb\"},\"inLanguage\":\"de\",\"potentialAction\":[{\"@type\":\"ReadAction\",\"target\":[\"https:\/\/ayurveda-am-chiemsee.com\/\"]}]},{\"@type\":\"BreadcrumbList\",\"@id\":\"https:\/\/ayurveda-am-chiemsee.com\/#breadcrumb\",\"itemListElement\":[{\"@type\":\"ListItem\",\"position\":1,\"name\":\"Startseite\",\"item\":\"https:\/\/ayurveda-am-chiemsee.com\/\"},{\"@type\":\"ListItem\",\"position\":2,\"name\":\"Home\"}]},{\"@type\":\"WebSite\",\"@id\":\"https:\/\/ayurveda-am-chiemsee.com\/#website\",\"url\":\"https:\/\/ayurveda-am-chiemsee.com\/\",\"name\":\"Ayurveda am Chiemsee\",\"description\":\"Gesundheit | Entspannung | Wohlbefinden\",\"potentialAction\":[{\"@type\":\"SearchAction\",\"target\":{\"@type\":\"EntryPoint\",\"urlTemplate\":\"https:\/\/ayurveda-am-chiemsee.com\/?s={search_term_string}\"},\"query-input\":\"required name=search_term_string\"}],\"inLanguage\":\"de\"}]}<\/script>\n<!-- \/ Yoast SEO plugin. -->","yoast_head_json":{"title":"Home - Ayurveda am Chiemsee","description":"Ayurveda Kuren und Behandlungen am sch\u00f6nen Chiemsee in privater Umgebung.","robots":{"index":"index","follow":"follow","max-snippet":"max-snippet:-1","max-image-preview":"max-image-preview:large","max-video-preview":"max-video-preview:-1"},"canonical":"https:\/\/ayurveda-am-chiemsee.com\/","og_locale":"de_DE","og_type":"article","og_title":"Home - Ayurveda am Chiemsee","og_description":"Ayurveda Kuren und Behandlungen am sch\u00f6nen Chiemsee in privater Umgebung.","og_url":"https:\/\/ayurveda-am-chiemsee.com\/","og_site_name":"Ayurveda am Chiemsee","article_modified_time":"2021-04-20T13:09:52+00:00","og_image":[{"width":2560,"height":1656,"url":"https:\/\/ayurveda-am-chiemsee.com\/wp-content\/uploads\/2021\/03\/katherine-hanlon-mod2s3-qFOc-unsplash-scaled.jpg","type":"image\/jpeg"}],"twitter_card":"summary_large_image","twitter_misc":{"Gesch\u00e4tzte Lesezeit":"1\u00a0Minute"},"schema":{"@context":"https:\/\/schema.org","@graph":[{"@type":"WebPage","@id":"https:\/\/ayurveda-am-chiemsee.com\/","url":"https:\/\/ayurveda-am-chiemsee.com\/","name":"Home - Ayurveda am Chiemsee","isPartOf":{"@id":"https:\/\/ayurveda-am-chiemsee.com\/#website"},"datePublished":"2021-03-15T10:40:40+00:00","dateModified":"2021-04-20T13:09:52+00:00","description":"Ayurveda Kuren und Behandlungen am sch\u00f6nen Chiemsee in privater Umgebung.","breadcrumb":{"@id":"https:\/\/ayurveda-am-chiemsee.com\/#breadcrumb"},"inLanguage":"de","potentialAction":[{"@type":"ReadAction","target":["https:\/\/ayurveda-am-chiemsee.com\/"]}]},{"@type":"BreadcrumbList","@id":"https:\/\/ayurveda-am-chiemsee.com\/#breadcrumb","itemListElement":[{"@type":"ListItem","position":1,"name":"Startseite","item":"https:\/\/ayurveda-am-chiemsee.com\/"},{"@type":"ListItem","position":2,"name":"Home"}]},{"@type":"WebSite","@id":"https:\/\/ayurveda-am-chiemsee.com\/#website","url":"https:\/\/ayurveda-am-chiemsee.com\/","name":"Ayurveda am Chiemsee","description":"Gesundheit | Entspannung | Wohlbefinden","potentialAction":[{"@type":"SearchAction","target":{"@type":"EntryPoint","urlTemplate":"https:\/\/ayurveda-am-chiemsee.com\/?s={search_term_string}"},"query-input":"required name=search_term_string"}],"inLanguage":"de"}]}},"_links":{"self":[{"href":"https:\/\/ayurveda-am-chiemsee.com\/index.php\/wp-json\/wp\/v2\/pages\/112","targetHints":{"allow":["GET"]}}],"collection":[{"href":"https:\/\/ayurveda-am-chiemsee.com\/index.php\/wp-json\/wp\/v2\/pages"}],"about":[{"href":"https:\/\/ayurveda-am-chiemsee.com\/index.php\/wp-json\/wp\/v2\/types\/page"}],"author":[{"embeddable":true,"href":"https:\/\/ayurveda-am-chiemsee.com\/index.php\/wp-json\/wp\/v2\/users\/1"}],"replies":[{"embeddable":true,"href":"https:\/\/ayurveda-am-chiemsee.com\/index.php\/wp-json\/wp\/v2\/comments?post=112"}],"version-history":[{"count":48,"href":"https:\/\/ayurveda-am-chiemsee.com\/index.php\/wp-json\/wp\/v2\/pages\/112\/revisions"}],"predecessor-version":[{"id":290,"href":"https:\/\/ayurveda-am-chiemsee.com\/index.php\/wp-json\/wp\/v2\/pages\/112\/revisions\/290"}],"wp:featuredmedia":[{"embeddable":true,"href":"https:\/\/ayurveda-am-chiemsee.com\/index.php\/wp-json\/wp\/v2\/media\/94"}],"wp:attachment":[{"href":"https:\/\/ayurveda-am-chiemsee.com\/index.php\/wp-json\/wp\/v2\/media?parent=112"}],"curies":[{"name":"wp","href":"https:\/\/api.w.org\/{rel}","templated":true}]}}