{"id":150,"date":"2021-03-15T12:14:52","date_gmt":"2021-03-15T12:14:52","guid":{"rendered":"https:\/\/ayurveda-am-chiemsee.com\/?page_id=150"},"modified":"2022-10-27T08:12:36","modified_gmt":"2022-10-27T08:12:36","slug":"kalari-training","status":"publish","type":"page","link":"https:\/\/ayurveda-am-chiemsee.com\/index.php\/kalari-training\/","title":{"rendered":"Kalari Training"},"content":{"rendered":"<div id=\"pl-150\"  class=\"panel-layout\" ><div id=\"pg-150-0\"  class=\"panel-grid panel-has-style\" ><div style=\"padding: 100px 0; \" data-overlay=\"true\" class=\"panel-row-style panel-row-style-for-150-0\" ><div id=\"pgc-150-0-0\"  class=\"panel-grid-cell\" ><div id=\"panel-150-0-0-0\" class=\"so-panel widget widget_sow-editor panel-first-child panel-last-child\" data-index=\"0\" ><div style=\"text-align: left;\" data-title-color=\"#443f3f\" data-headings-color=\"#443f3f\" class=\"panel-widget-style panel-widget-style-for-150-0-0-0\" ><div\n\t\t\t\n\t\t\tclass=\"so-widget-sow-editor so-widget-sow-editor-base\"\n\t\t\t\n\t\t>\n<div class=\"siteorigin-widget-tinymce textwidget\">\n\t<h3>Kalari-Training: K\u00e4mpfen f\u00fcr die Balance<\/h3>\n<p>&nbsp;<\/p>\n<p>Kalarippayat gilt als die \u00e4lteste Kampfkunst der Welt. Es soll 5000 Jahre alt sein und gilt als die heilige, spirituelle Kampfkunst der alten indischen Krieger. Kalarippayat entstand in der Region Kerala, an der S\u00fcdk\u00fcste von Indien und baut auf den Prinzipien des Yoga auf.<\/p>\n<p>Kalari ist eine ganzheitliche K\u00f6rperpraxis, die sowohl den K\u00f6rper als auch unsere Psyche und unsere Sinne gleicherma\u00dfen und harmonisch im Einklang trainiert. Das Training verbindet also K\u00f6rper, Seele und Geist wodurch die Energiekan\u00e4le im K\u00f6rper gereinigt und angeregt werden.<\/p>\n<p>Die Techniken des Kalari erinnern jenseits von Kampfkunst an Disziplinen wie Yoga, Tanz und Mystik. Kalari kann sowohl alleine praktiziert werden als auch in Partner\u00fcbungen. Kalari wird \u00fcber die Grenzen von Herkunft und Religion hinweg praktiziert.<\/p>\n<p><strong>Die aktuellen Trainingszeiten bitte individuell anfragen.<\/strong><\/p>\n<p>Die Trainings finden statt in den R\u00e4umlichkeiten der <a href=\"https:\/\/taekwondo-prien.de\/ueber_uns\/\" target=\"_blank\" rel=\"noopener\">Kampfkunstschule Prien.<\/a><\/p>\n<p>&nbsp;<\/p>\n<a class=\"maxbutton-2 maxbutton maxbutton-kontakt\" target=\"_blank\" rel=\"noopener\" href=\"\/index.php\/kontakt\/\"><span class='mb-text'>Kontakt<\/span><\/a>\n<\/div>\n<\/div><\/div><\/div><\/div><\/div><\/div><div id=\"pg-150-1\"  class=\"panel-grid panel-has-style\" ><div style=\"padding: 100px 0; \" data-overlay=\"true\" data-overlay-color=\"#000000\" class=\"panel-row-style panel-row-style-for-150-1\" ><div id=\"pgc-150-1-0\"  class=\"panel-grid-cell\" ><div id=\"panel-150-1-0-0\" class=\"so-panel widget widget_sow-hero panel-first-child panel-last-child\" data-index=\"1\" ><div style=\"text-align: left;\" data-title-color=\"#443f3f\" data-headings-color=\"#443f3f\" class=\"panel-widget-style panel-widget-style-for-150-1-0-0\" ><div\n\t\t\t\n\t\t\tclass=\"so-widget-sow-hero so-widget-sow-hero-default-6e283e92799f-150 so-widget-fittext-wrapper\"\n\t\t\t data-fit-text-compressor=\"0.85\"\n\t\t>\t\t\t\t<div class=\"sow-slider-base\" style=\"display: none\" tabindex=\"0\">\n\t\t\t\t\t<ul\n\t\t\t\t\tclass=\"sow-slider-images\"\n\t\t\t\t\tdata-settings=\"{&quot;pagination&quot;:true,&quot;speed&quot;:800,&quot;timeout&quot;:8000,&quot;paused&quot;:false,&quot;pause_on_hover&quot;:false,&quot;swipe&quot;:true,&quot;nav_always_show_desktop&quot;:&quot;&quot;,&quot;nav_always_show_mobile&quot;:&quot;&quot;,&quot;breakpoint&quot;:&quot;780px&quot;,&quot;unmute&quot;:false,&quot;anchor&quot;:null}\"\n\t\t\t\t\t\t\t\t\t\tdata-anchor-id=\"\"\n\t\t\t\t>\t\t<li class=\"sow-slider-image  sow-slider-image-cover\" style=\"visibility: visible;;background-color: #333333;background-image: url(https:\/\/ayurveda-am-chiemsee.com\/wp-content\/uploads\/2021\/03\/srinivasan-venkataraman-9NmYCjfBGp0-unsplash-scaled.jpg)\" >\n\t\t\t\t\t<div class=\"sow-slider-image-container\">\n\t\t\t<div class=\"sow-slider-image-wrapper\">\n\t\t\t\t<p>&nbsp;<\/p>\n<p>&nbsp;<\/p>\n<p>&nbsp;<\/p>\n<p>&nbsp;<\/p>\n<p>&nbsp;<\/p>\n<p>&nbsp;<\/p>\n<p>&nbsp;<\/p>\n<p>&nbsp;<\/p>\n<p>&nbsp;<\/p>\n\t\t\t<\/div>\n\t\t<\/div>\n\t\t\t\t<\/li>\n\t\t<\/ul>\t\t\t\t<ol class=\"sow-slider-pagination\">\n\t\t\t\t\t\t\t\t\t\t\t<li><a href=\"#\" data-goto=\"0\" aria-label=\"Display slide 1\"><\/a><\/li>\n\t\t\t\t\t\t\t\t\t<\/ol>\n\n\t\t\t\t<div class=\"sow-slide-nav sow-slide-nav-next\">\n\t\t\t\t\t<a href=\"#\" data-goto=\"next\" aria-label=\"Next slide\" data-action=\"next\">\n\t\t\t\t\t\t<em class=\"sow-sld-icon-thin-right\"><\/em>\n\t\t\t\t\t<\/a>\n\t\t\t\t<\/div>\n\n\t\t\t\t<div class=\"sow-slide-nav sow-slide-nav-prev\">\n\t\t\t\t\t<a href=\"#\" data-goto=\"previous\" aria-label=\"Previous slide\" data-action=\"prev\">\n\t\t\t\t\t\t<em class=\"sow-sld-icon-thin-left\"><\/em>\n\t\t\t\t\t<\/a>\n\t\t\t\t<\/div>\n\t\t\t\t<\/div><\/div><\/div><\/div><\/div><\/div><\/div><\/div>","protected":false},"excerpt":{"rendered":"<p>Kalari-Training: K\u00e4mpfen f\u00fcr die Balance &nbsp; Kalarippayat gilt als die \u00e4lteste Kampfkunst der Welt. Es soll 5000 Jahre alt sein und gilt [&hellip;]<\/p>\n","protected":false},"author":1,"featured_media":0,"parent":0,"menu_order":0,"comment_status":"closed","ping_status":"closed","template":"page-templates\/page_fullwidth.php","meta":{"footnotes":""},"class_list":["post-150","page","type-page","status-publish","hentry"],"yoast_head":"<!-- This site is optimized with the Yoast SEO plugin v19.7.2 - https:\/\/yoast.com\/wordpress\/plugins\/seo\/ -->\n<title>Kalari Training - Ayurveda am Chiemsee<\/title>\n<meta name=\"robots\" content=\"index, follow, max-snippet:-1, max-image-preview:large, max-video-preview:-1\" \/>\n<link rel=\"canonical\" href=\"https:\/\/ayurveda-am-chiemsee.com\/index.php\/kalari-training\/\" \/>\n<meta property=\"og:locale\" content=\"de_DE\" \/>\n<meta property=\"og:type\" content=\"article\" \/>\n<meta property=\"og:title\" content=\"Kalari Training - Ayurveda am Chiemsee\" \/>\n<meta property=\"og:description\" content=\"Kalari-Training: K\u00e4mpfen f\u00fcr die Balance &nbsp; Kalarippayat gilt als die \u00e4lteste Kampfkunst der Welt. Es soll 5000 Jahre alt sein und gilt [&hellip;]\" \/>\n<meta property=\"og:url\" content=\"https:\/\/ayurveda-am-chiemsee.com\/index.php\/kalari-training\/\" \/>\n<meta property=\"og:site_name\" content=\"Ayurveda am Chiemsee\" \/>\n<meta property=\"article:modified_time\" content=\"2022-10-27T08:12:36+00:00\" \/>\n<meta name=\"twitter:card\" content=\"summary_large_image\" \/>\n<meta name=\"twitter:label1\" content=\"Gesch\u00e4tzte Lesezeit\" \/>\n\t<meta name=\"twitter:data1\" content=\"1\u00a0Minute\" \/>\n<script type=\"application\/ld+json\" class=\"yoast-schema-graph\">{\"@context\":\"https:\/\/schema.org\",\"@graph\":[{\"@type\":\"WebPage\",\"@id\":\"https:\/\/ayurveda-am-chiemsee.com\/index.php\/kalari-training\/\",\"url\":\"https:\/\/ayurveda-am-chiemsee.com\/index.php\/kalari-training\/\",\"name\":\"Kalari Training - Ayurveda am Chiemsee\",\"isPartOf\":{\"@id\":\"https:\/\/ayurveda-am-chiemsee.com\/#website\"},\"datePublished\":\"2021-03-15T12:14:52+00:00\",\"dateModified\":\"2022-10-27T08:12:36+00:00\",\"breadcrumb\":{\"@id\":\"https:\/\/ayurveda-am-chiemsee.com\/index.php\/kalari-training\/#breadcrumb\"},\"inLanguage\":\"de\",\"potentialAction\":[{\"@type\":\"ReadAction\",\"target\":[\"https:\/\/ayurveda-am-chiemsee.com\/index.php\/kalari-training\/\"]}]},{\"@type\":\"BreadcrumbList\",\"@id\":\"https:\/\/ayurveda-am-chiemsee.com\/index.php\/kalari-training\/#breadcrumb\",\"itemListElement\":[{\"@type\":\"ListItem\",\"position\":1,\"name\":\"Startseite\",\"item\":\"https:\/\/ayurveda-am-chiemsee.com\/\"},{\"@type\":\"ListItem\",\"position\":2,\"name\":\"Kalari Training\"}]},{\"@type\":\"WebSite\",\"@id\":\"https:\/\/ayurveda-am-chiemsee.com\/#website\",\"url\":\"https:\/\/ayurveda-am-chiemsee.com\/\",\"name\":\"Ayurveda am Chiemsee\",\"description\":\"Gesundheit | Entspannung | Wohlbefinden\",\"potentialAction\":[{\"@type\":\"SearchAction\",\"target\":{\"@type\":\"EntryPoint\",\"urlTemplate\":\"https:\/\/ayurveda-am-chiemsee.com\/?s={search_term_string}\"},\"query-input\":\"required name=search_term_string\"}],\"inLanguage\":\"de\"}]}<\/script>\n<!-- \/ Yoast SEO plugin. -->","yoast_head_json":{"title":"Kalari Training - Ayurveda am Chiemsee","robots":{"index":"index","follow":"follow","max-snippet":"max-snippet:-1","max-image-preview":"max-image-preview:large","max-video-preview":"max-video-preview:-1"},"canonical":"https:\/\/ayurveda-am-chiemsee.com\/index.php\/kalari-training\/","og_locale":"de_DE","og_type":"article","og_title":"Kalari Training - Ayurveda am Chiemsee","og_description":"Kalari-Training: K\u00e4mpfen f\u00fcr die Balance &nbsp; Kalarippayat gilt als die \u00e4lteste Kampfkunst der Welt. Es soll 5000 Jahre alt sein und gilt [&hellip;]","og_url":"https:\/\/ayurveda-am-chiemsee.com\/index.php\/kalari-training\/","og_site_name":"Ayurveda am Chiemsee","article_modified_time":"2022-10-27T08:12:36+00:00","twitter_card":"summary_large_image","twitter_misc":{"Gesch\u00e4tzte Lesezeit":"1\u00a0Minute"},"schema":{"@context":"https:\/\/schema.org","@graph":[{"@type":"WebPage","@id":"https:\/\/ayurveda-am-chiemsee.com\/index.php\/kalari-training\/","url":"https:\/\/ayurveda-am-chiemsee.com\/index.php\/kalari-training\/","name":"Kalari Training - Ayurveda am Chiemsee","isPartOf":{"@id":"https:\/\/ayurveda-am-chiemsee.com\/#website"},"datePublished":"2021-03-15T12:14:52+00:00","dateModified":"2022-10-27T08:12:36+00:00","breadcrumb":{"@id":"https:\/\/ayurveda-am-chiemsee.com\/index.php\/kalari-training\/#breadcrumb"},"inLanguage":"de","potentialAction":[{"@type":"ReadAction","target":["https:\/\/ayurveda-am-chiemsee.com\/index.php\/kalari-training\/"]}]},{"@type":"BreadcrumbList","@id":"https:\/\/ayurveda-am-chiemsee.com\/index.php\/kalari-training\/#breadcrumb","itemListElement":[{"@type":"ListItem","position":1,"name":"Startseite","item":"https:\/\/ayurveda-am-chiemsee.com\/"},{"@type":"ListItem","position":2,"name":"Kalari Training"}]},{"@type":"WebSite","@id":"https:\/\/ayurveda-am-chiemsee.com\/#website","url":"https:\/\/ayurveda-am-chiemsee.com\/","name":"Ayurveda am Chiemsee","description":"Gesundheit | Entspannung | Wohlbefinden","potentialAction":[{"@type":"SearchAction","target":{"@type":"EntryPoint","urlTemplate":"https:\/\/ayurveda-am-chiemsee.com\/?s={search_term_string}"},"query-input":"required name=search_term_string"}],"inLanguage":"de"}]}},"_links":{"self":[{"href":"https:\/\/ayurveda-am-chiemsee.com\/index.php\/wp-json\/wp\/v2\/pages\/150","targetHints":{"allow":["GET"]}}],"collection":[{"href":"https:\/\/ayurveda-am-chiemsee.com\/index.php\/wp-json\/wp\/v2\/pages"}],"about":[{"href":"https:\/\/ayurveda-am-chiemsee.com\/index.php\/wp-json\/wp\/v2\/types\/page"}],"author":[{"embeddable":true,"href":"https:\/\/ayurveda-am-chiemsee.com\/index.php\/wp-json\/wp\/v2\/users\/1"}],"replies":[{"embeddable":true,"href":"https:\/\/ayurveda-am-chiemsee.com\/index.php\/wp-json\/wp\/v2\/comments?post=150"}],"version-history":[{"count":23,"href":"https:\/\/ayurveda-am-chiemsee.com\/index.php\/wp-json\/wp\/v2\/pages\/150\/revisions"}],"predecessor-version":[{"id":332,"href":"https:\/\/ayurveda-am-chiemsee.com\/index.php\/wp-json\/wp\/v2\/pages\/150\/revisions\/332"}],"wp:attachment":[{"href":"https:\/\/ayurveda-am-chiemsee.com\/index.php\/wp-json\/wp\/v2\/media?parent=150"}],"curies":[{"name":"wp","href":"https:\/\/api.w.org\/{rel}","templated":true}]}}