{"id":185,"date":"2021-03-15T13:24:45","date_gmt":"2021-03-15T13:24:45","guid":{"rendered":"https:\/\/ayurveda-am-chiemsee.com\/?page_id=185"},"modified":"2021-04-20T13:08:27","modified_gmt":"2021-04-20T13:08:27","slug":"impressum","status":"publish","type":"page","link":"https:\/\/ayurveda-am-chiemsee.com\/index.php\/impressum\/","title":{"rendered":"Impressum"},"content":{"rendered":"<p>Margareta Thalmaier<\/p>\n<p>Heilpraktikerin | Ayurveda Therapeutin<\/p>\n<p>Am Stocket 1<\/p>\n<p>83257 Gstadt<\/p>\n<p>Telefon mobil: +49 172 148 81 82<\/p>\n<p>mthalmaier[at]gmx.de<\/p>\n<p>&nbsp;<\/p>\n<h3>Angaben gem\u00e4\u00df \u00a7 5 TMG:<\/h3>\n<p>Heilpraktikerin Margareta Thalmaier<\/p>\n<p>ebenfalls verantwortlich f\u00fcr den Inhalt der Homepage nach \u00a7 55 Abs. 2 RStV.<\/p>\n<p>&nbsp;<\/p>\n<h4>Umsetzung Homepage:<\/h4>\n<p>Katja K. Schwebel<\/p>\n<p>www.my-smart-page.de<\/p>\n<p>&nbsp;<\/p>\n<h4>Gesetzliche Berufsbezeichnung:<\/h4>\n<p>Heilpraktikerin (verliehen in der Bundesrepublik Deutschland)<\/p>\n<p>&nbsp;<\/p>\n<h4>Zust\u00e4ndige Aufsichtsbeh\u00f6rde:<\/h4>\n<p>Gesundheitsamt Rosenheim, Prinzregentenstrasse 19, 83022 Rosenheim<\/p>\n<p>&nbsp;<\/p>\n<h4>Berufsrechtliche Regelungen:<\/h4>\n<p>Gesetz \u00fcber die berufsm\u00e4\u00dfige Aus\u00fcbung der Heilkunde ohne \u00e4rztliche Bestallung (Heilpraktikergesetz) gem\u00e4\u00df \u00a7 1 Abs. 1 HeilprG und Durchf\u00fchrungsverordnung.<\/p>\n<p>Nachzulesen im Internet unter: <a href=\"https:\/\/www.gesetze-im-internet.de\/heilprg\/BJNR002510939.html\">HeilprG &#8211; Gesetz \u00fcber die berufsm\u00e4\u00dfige Aus\u00fcbung der Heilkunde ohne Bestallung (gesetze-im-internet.de)<\/a><\/p>\n<h4>Erteilung der Erlaubnis der Heilkunde vom Landratsamt Freyung-Grafenau 1994<\/h4>\n<p>&nbsp;<\/p>\n<h4>Berufshaftpflichtversicherung:<\/h4>\n<p>Continentale Sachversicherung AG,\u00a0 Ruhrallee 92, 44139 Dortmund<\/p>\n<p>&nbsp;<\/p>\n<h4>Berufsverbandsmitgliedschaft:<\/h4>\n<p>BDHN<\/p>\n<h4>Heilkundliche T\u00e4tigkeit ist von der Umsatzsteuer befreit nach \u00a7 4 Nr. 14 UStG befreit.<\/h4>\n<p>&nbsp;<\/p>\n","protected":false},"excerpt":{"rendered":"<p>Margareta Thalmaier Heilpraktikerin | Ayurveda Therapeutin Am Stocket 1 83257 Gstadt Telefon mobil: +49 172 148 81 82 mthalmaier[at]gmx.de &nbsp; Angaben gem\u00e4\u00df [&hellip;]<\/p>\n","protected":false},"author":1,"featured_media":0,"parent":0,"menu_order":0,"comment_status":"closed","ping_status":"closed","template":"page-templates\/page_fullwidth.php","meta":{"footnotes":""},"class_list":["post-185","page","type-page","status-publish","hentry"],"yoast_head":"<!-- This site is optimized with the Yoast SEO plugin v19.7.2 - https:\/\/yoast.com\/wordpress\/plugins\/seo\/ -->\n<title>Impressum - Ayurveda am Chiemsee<\/title>\n<meta name=\"robots\" content=\"index, follow, max-snippet:-1, max-image-preview:large, max-video-preview:-1\" \/>\n<link rel=\"canonical\" href=\"https:\/\/ayurveda-am-chiemsee.com\/index.php\/impressum\/\" \/>\n<meta property=\"og:locale\" content=\"de_DE\" \/>\n<meta property=\"og:type\" content=\"article\" \/>\n<meta property=\"og:title\" content=\"Impressum - Ayurveda am Chiemsee\" \/>\n<meta property=\"og:description\" content=\"Margareta Thalmaier Heilpraktikerin | Ayurveda Therapeutin Am Stocket 1 83257 Gstadt Telefon mobil: +49 172 148 81 82 mthalmaier[at]gmx.de &nbsp; Angaben gem\u00e4\u00df [&hellip;]\" \/>\n<meta property=\"og:url\" content=\"https:\/\/ayurveda-am-chiemsee.com\/index.php\/impressum\/\" \/>\n<meta property=\"og:site_name\" content=\"Ayurveda am Chiemsee\" \/>\n<meta property=\"article:modified_time\" content=\"2021-04-20T13:08:27+00:00\" \/>\n<meta name=\"twitter:card\" content=\"summary_large_image\" \/>\n<meta name=\"twitter:label1\" content=\"Gesch\u00e4tzte Lesezeit\" \/>\n\t<meta name=\"twitter:data1\" content=\"1\u00a0Minute\" \/>\n<script type=\"application\/ld+json\" class=\"yoast-schema-graph\">{\"@context\":\"https:\/\/schema.org\",\"@graph\":[{\"@type\":\"WebPage\",\"@id\":\"https:\/\/ayurveda-am-chiemsee.com\/index.php\/impressum\/\",\"url\":\"https:\/\/ayurveda-am-chiemsee.com\/index.php\/impressum\/\",\"name\":\"Impressum - Ayurveda am Chiemsee\",\"isPartOf\":{\"@id\":\"https:\/\/ayurveda-am-chiemsee.com\/#website\"},\"datePublished\":\"2021-03-15T13:24:45+00:00\",\"dateModified\":\"2021-04-20T13:08:27+00:00\",\"breadcrumb\":{\"@id\":\"https:\/\/ayurveda-am-chiemsee.com\/index.php\/impressum\/#breadcrumb\"},\"inLanguage\":\"de\",\"potentialAction\":[{\"@type\":\"ReadAction\",\"target\":[\"https:\/\/ayurveda-am-chiemsee.com\/index.php\/impressum\/\"]}]},{\"@type\":\"BreadcrumbList\",\"@id\":\"https:\/\/ayurveda-am-chiemsee.com\/index.php\/impressum\/#breadcrumb\",\"itemListElement\":[{\"@type\":\"ListItem\",\"position\":1,\"name\":\"Startseite\",\"item\":\"https:\/\/ayurveda-am-chiemsee.com\/\"},{\"@type\":\"ListItem\",\"position\":2,\"name\":\"Impressum\"}]},{\"@type\":\"WebSite\",\"@id\":\"https:\/\/ayurveda-am-chiemsee.com\/#website\",\"url\":\"https:\/\/ayurveda-am-chiemsee.com\/\",\"name\":\"Ayurveda am Chiemsee\",\"description\":\"Gesundheit | Entspannung | Wohlbefinden\",\"potentialAction\":[{\"@type\":\"SearchAction\",\"target\":{\"@type\":\"EntryPoint\",\"urlTemplate\":\"https:\/\/ayurveda-am-chiemsee.com\/?s={search_term_string}\"},\"query-input\":\"required name=search_term_string\"}],\"inLanguage\":\"de\"}]}<\/script>\n<!-- \/ Yoast SEO plugin. -->","yoast_head_json":{"title":"Impressum - Ayurveda am Chiemsee","robots":{"index":"index","follow":"follow","max-snippet":"max-snippet:-1","max-image-preview":"max-image-preview:large","max-video-preview":"max-video-preview:-1"},"canonical":"https:\/\/ayurveda-am-chiemsee.com\/index.php\/impressum\/","og_locale":"de_DE","og_type":"article","og_title":"Impressum - Ayurveda am Chiemsee","og_description":"Margareta Thalmaier Heilpraktikerin | Ayurveda Therapeutin Am Stocket 1 83257 Gstadt Telefon mobil: +49 172 148 81 82 mthalmaier[at]gmx.de &nbsp; Angaben gem\u00e4\u00df [&hellip;]","og_url":"https:\/\/ayurveda-am-chiemsee.com\/index.php\/impressum\/","og_site_name":"Ayurveda am Chiemsee","article_modified_time":"2021-04-20T13:08:27+00:00","twitter_card":"summary_large_image","twitter_misc":{"Gesch\u00e4tzte Lesezeit":"1\u00a0Minute"},"schema":{"@context":"https:\/\/schema.org","@graph":[{"@type":"WebPage","@id":"https:\/\/ayurveda-am-chiemsee.com\/index.php\/impressum\/","url":"https:\/\/ayurveda-am-chiemsee.com\/index.php\/impressum\/","name":"Impressum - Ayurveda am Chiemsee","isPartOf":{"@id":"https:\/\/ayurveda-am-chiemsee.com\/#website"},"datePublished":"2021-03-15T13:24:45+00:00","dateModified":"2021-04-20T13:08:27+00:00","breadcrumb":{"@id":"https:\/\/ayurveda-am-chiemsee.com\/index.php\/impressum\/#breadcrumb"},"inLanguage":"de","potentialAction":[{"@type":"ReadAction","target":["https:\/\/ayurveda-am-chiemsee.com\/index.php\/impressum\/"]}]},{"@type":"BreadcrumbList","@id":"https:\/\/ayurveda-am-chiemsee.com\/index.php\/impressum\/#breadcrumb","itemListElement":[{"@type":"ListItem","position":1,"name":"Startseite","item":"https:\/\/ayurveda-am-chiemsee.com\/"},{"@type":"ListItem","position":2,"name":"Impressum"}]},{"@type":"WebSite","@id":"https:\/\/ayurveda-am-chiemsee.com\/#website","url":"https:\/\/ayurveda-am-chiemsee.com\/","name":"Ayurveda am Chiemsee","description":"Gesundheit | Entspannung | Wohlbefinden","potentialAction":[{"@type":"SearchAction","target":{"@type":"EntryPoint","urlTemplate":"https:\/\/ayurveda-am-chiemsee.com\/?s={search_term_string}"},"query-input":"required name=search_term_string"}],"inLanguage":"de"}]}},"_links":{"self":[{"href":"https:\/\/ayurveda-am-chiemsee.com\/index.php\/wp-json\/wp\/v2\/pages\/185","targetHints":{"allow":["GET"]}}],"collection":[{"href":"https:\/\/ayurveda-am-chiemsee.com\/index.php\/wp-json\/wp\/v2\/pages"}],"about":[{"href":"https:\/\/ayurveda-am-chiemsee.com\/index.php\/wp-json\/wp\/v2\/types\/page"}],"author":[{"embeddable":true,"href":"https:\/\/ayurveda-am-chiemsee.com\/index.php\/wp-json\/wp\/v2\/users\/1"}],"replies":[{"embeddable":true,"href":"https:\/\/ayurveda-am-chiemsee.com\/index.php\/wp-json\/wp\/v2\/comments?post=185"}],"version-history":[{"count":10,"href":"https:\/\/ayurveda-am-chiemsee.com\/index.php\/wp-json\/wp\/v2\/pages\/185\/revisions"}],"predecessor-version":[{"id":288,"href":"https:\/\/ayurveda-am-chiemsee.com\/index.php\/wp-json\/wp\/v2\/pages\/185\/revisions\/288"}],"wp:attachment":[{"href":"https:\/\/ayurveda-am-chiemsee.com\/index.php\/wp-json\/wp\/v2\/media?parent=185"}],"curies":[{"name":"wp","href":"https:\/\/api.w.org\/{rel}","templated":true}]}}