{"id":71,"date":"2021-02-26T12:13:40","date_gmt":"2021-02-26T12:13:40","guid":{"rendered":"https:\/\/ayurveda-am-chiemsee.com\/?page_id=71"},"modified":"2021-03-18T10:43:50","modified_gmt":"2021-03-18T10:43:50","slug":"kalari-massagen","status":"publish","type":"page","link":"https:\/\/ayurveda-am-chiemsee.com\/index.php\/kalari-massagen\/","title":{"rendered":"Kalari Massagen"},"content":{"rendered":"<div id=\"pl-71\"  class=\"panel-layout\" ><div id=\"pg-71-0\"  class=\"panel-grid panel-has-style\" ><div style=\"padding: 100px 0; \" data-overlay=\"true\" class=\"panel-row-style panel-row-style-for-71-0\" ><div id=\"pgc-71-0-0\"  class=\"panel-grid-cell\" ><div id=\"panel-71-0-0-0\" class=\"so-panel widget widget_sow-editor panel-first-child panel-last-child\" data-index=\"0\" ><div style=\"text-align: left;\" data-title-color=\"#443f3f\" data-headings-color=\"#443f3f\" class=\"panel-widget-style panel-widget-style-for-71-0-0-0\" ><div\n\t\t\t\n\t\t\tclass=\"so-widget-sow-editor so-widget-sow-editor-base\"\n\t\t\t\n\t\t>\n<div class=\"siteorigin-widget-tinymce textwidget\">\n\t<h3>Kalari Massagen<\/h3>\n<p>&nbsp;<\/p>\n<p>Die Heilkunst Kalari Chikitza entwickelte sich vor ca 5000 Jahren parallel zu der in S\u00fcdindien beheimateten Kampfkunst Kalaripayatt. Nach westlichem Verst\u00e4ndnis wird sie h\u00e4ufig als die \"Physiotherapie der Ayurveda Medizin\" interpretiert. Kalari Chikitsa ist die Heilkunst der Meister des Kalarippayattu, der Kampf- und Heilkunst aus dem s\u00fcdindischen Kerala.<\/p>\n<p>Im Fokus dieser Heilkunde steht das Wissen um Energiepunkte (Marmapunkte) und das System der Energiebahnen (Nadis). Richtig angewendet erm\u00f6glicht dieses Wissen Blockaden im k\u00f6rpereigenen Energiesystem zu ersp\u00fcren und zu l\u00f6sen. Mit Hilfe von bestimmten Massagetechniken der Kalari-Marma-Massage, Kr\u00e4uterbeuteln, Pasten und medizinischen \u00d6len wird der Energiefluss unterst\u00fctzt.<\/p>\n<p>Durch die Kalari-Marma-Massage erfolgt die gezielte Behandlung der Energiebahnen (Nadis) und der vitalen Punkte (Marmas), die auch Durchtrittsstellen von Muskeln und Nerven sind.<\/p>\n<p>Blockaden im Flu\u00df der Nadis und damit in den Marmas f\u00fchren zu einem energetischen Stau, der durch besondere Massagetechniken, Kr\u00e4uterbeutel und \u00d6le gel\u00f6st wird. Durch die Massage entspannt sich der ganze K\u00f6rper, die gesamte Muskulatur und das Nervensystem werden gedehnt.<\/p>\n<p>F\u00fcr meine Behandlungen verwende ich ausschlie\u00dflich medizinierte Kr\u00e4uter\u00f6le (kein Sesam\u00f6l).<\/p>\n<a class=\"maxbutton-2 maxbutton maxbutton-kontakt\" target=\"_blank\" rel=\"noopener\" href=\"\/index.php\/kontakt\/\"><span class='mb-text'>Kontakt<\/span><\/a>\n<p>&nbsp;<\/p>\n<p>&nbsp;<\/p>\n<\/div>\n<\/div><\/div><\/div><\/div><\/div><\/div><div id=\"pg-71-1\"  class=\"panel-grid panel-has-style\" ><div style=\"padding: 100px 0; \" data-overlay=\"true\" data-overlay-color=\"#000000\" class=\"panel-row-style panel-row-style-for-71-1\" ><div id=\"pgc-71-1-0\"  class=\"panel-grid-cell\" ><div id=\"panel-71-1-0-0\" class=\"so-panel widget widget_sow-hero panel-first-child panel-last-child\" data-index=\"1\" ><div style=\"text-align: left;\" data-title-color=\"#443f3f\" data-headings-color=\"#443f3f\" class=\"panel-widget-style panel-widget-style-for-71-1-0-0\" ><div\n\t\t\t\n\t\t\tclass=\"so-widget-sow-hero so-widget-sow-hero-default-6e283e92799f-71 so-widget-fittext-wrapper\"\n\t\t\t data-fit-text-compressor=\"0.85\"\n\t\t>\t\t\t\t<div class=\"sow-slider-base\" style=\"display: none\" tabindex=\"0\">\n\t\t\t\t\t<ul\n\t\t\t\t\tclass=\"sow-slider-images\"\n\t\t\t\t\tdata-settings=\"{&quot;pagination&quot;:true,&quot;speed&quot;:800,&quot;timeout&quot;:8000,&quot;paused&quot;:false,&quot;pause_on_hover&quot;:false,&quot;swipe&quot;:true,&quot;nav_always_show_desktop&quot;:&quot;&quot;,&quot;nav_always_show_mobile&quot;:&quot;&quot;,&quot;breakpoint&quot;:&quot;780px&quot;,&quot;unmute&quot;:false,&quot;anchor&quot;:null}\"\n\t\t\t\t\t\t\t\t\t\tdata-anchor-id=\"\"\n\t\t\t\t>\t\t<li class=\"sow-slider-image  sow-slider-image-cover\" style=\"visibility: visible;;background-color: #333333;background-image: url(https:\/\/ayurveda-am-chiemsee.com\/wp-content\/uploads\/2021\/03\/katherine-hanlon-mod2s3-qFOc-unsplash-scaled.jpg)\" >\n\t\t\t\t\t<div class=\"sow-slider-image-container\">\n\t\t\t<div class=\"sow-slider-image-wrapper\">\n\t\t\t\t<p>&nbsp;<\/p>\n<p>&nbsp;<\/p>\n<p>&nbsp;<\/p>\n<p>&nbsp;<\/p>\n<p>&nbsp;<\/p>\n<p>&nbsp;<\/p>\n\t\t\t<\/div>\n\t\t<\/div>\n\t\t\t\t<\/li>\n\t\t<\/ul>\t\t\t\t<ol class=\"sow-slider-pagination\">\n\t\t\t\t\t\t\t\t\t\t\t<li><a href=\"#\" data-goto=\"0\" aria-label=\"Display slide 1\"><\/a><\/li>\n\t\t\t\t\t\t\t\t\t<\/ol>\n\n\t\t\t\t<div class=\"sow-slide-nav sow-slide-nav-next\">\n\t\t\t\t\t<a href=\"#\" data-goto=\"next\" aria-label=\"Next slide\" data-action=\"next\">\n\t\t\t\t\t\t<em class=\"sow-sld-icon-thin-right\"><\/em>\n\t\t\t\t\t<\/a>\n\t\t\t\t<\/div>\n\n\t\t\t\t<div class=\"sow-slide-nav sow-slide-nav-prev\">\n\t\t\t\t\t<a href=\"#\" data-goto=\"previous\" aria-label=\"Previous slide\" data-action=\"prev\">\n\t\t\t\t\t\t<em class=\"sow-sld-icon-thin-left\"><\/em>\n\t\t\t\t\t<\/a>\n\t\t\t\t<\/div>\n\t\t\t\t<\/div><\/div><\/div><\/div><\/div><\/div><\/div><\/div>","protected":false},"excerpt":{"rendered":"<p>Kalari Massagen &nbsp; Die Heilkunst Kalari Chikitza entwickelte sich vor ca 5000 Jahren parallel zu der in S\u00fcdindien beheimateten Kampfkunst Kalaripayatt. Nach [&hellip;]<\/p>\n","protected":false},"author":1,"featured_media":0,"parent":0,"menu_order":0,"comment_status":"closed","ping_status":"closed","template":"","meta":{"footnotes":""},"class_list":["post-71","page","type-page","status-publish","hentry"],"yoast_head":"<!-- This site is optimized with the Yoast SEO plugin v19.7.2 - https:\/\/yoast.com\/wordpress\/plugins\/seo\/ -->\n<title>Kalari Massagen - Ayurveda am Chiemsee<\/title>\n<meta name=\"robots\" content=\"index, follow, max-snippet:-1, max-image-preview:large, max-video-preview:-1\" \/>\n<link rel=\"canonical\" href=\"https:\/\/ayurveda-am-chiemsee.com\/index.php\/kalari-massagen\/\" \/>\n<meta property=\"og:locale\" content=\"de_DE\" \/>\n<meta property=\"og:type\" content=\"article\" \/>\n<meta property=\"og:title\" content=\"Kalari Massagen - Ayurveda am Chiemsee\" \/>\n<meta property=\"og:description\" content=\"Kalari Massagen &nbsp; Die Heilkunst Kalari Chikitza entwickelte sich vor ca 5000 Jahren parallel zu der in S\u00fcdindien beheimateten Kampfkunst Kalaripayatt. Nach [&hellip;]\" \/>\n<meta property=\"og:url\" content=\"https:\/\/ayurveda-am-chiemsee.com\/index.php\/kalari-massagen\/\" \/>\n<meta property=\"og:site_name\" content=\"Ayurveda am Chiemsee\" \/>\n<meta property=\"article:modified_time\" content=\"2021-03-18T10:43:50+00:00\" \/>\n<meta name=\"twitter:card\" content=\"summary_large_image\" \/>\n<meta name=\"twitter:label1\" content=\"Gesch\u00e4tzte Lesezeit\" \/>\n\t<meta name=\"twitter:data1\" content=\"1\u00a0Minute\" \/>\n<script type=\"application\/ld+json\" class=\"yoast-schema-graph\">{\"@context\":\"https:\/\/schema.org\",\"@graph\":[{\"@type\":\"WebPage\",\"@id\":\"https:\/\/ayurveda-am-chiemsee.com\/index.php\/kalari-massagen\/\",\"url\":\"https:\/\/ayurveda-am-chiemsee.com\/index.php\/kalari-massagen\/\",\"name\":\"Kalari Massagen - Ayurveda am Chiemsee\",\"isPartOf\":{\"@id\":\"https:\/\/ayurveda-am-chiemsee.com\/#website\"},\"datePublished\":\"2021-02-26T12:13:40+00:00\",\"dateModified\":\"2021-03-18T10:43:50+00:00\",\"breadcrumb\":{\"@id\":\"https:\/\/ayurveda-am-chiemsee.com\/index.php\/kalari-massagen\/#breadcrumb\"},\"inLanguage\":\"de\",\"potentialAction\":[{\"@type\":\"ReadAction\",\"target\":[\"https:\/\/ayurveda-am-chiemsee.com\/index.php\/kalari-massagen\/\"]}]},{\"@type\":\"BreadcrumbList\",\"@id\":\"https:\/\/ayurveda-am-chiemsee.com\/index.php\/kalari-massagen\/#breadcrumb\",\"itemListElement\":[{\"@type\":\"ListItem\",\"position\":1,\"name\":\"Startseite\",\"item\":\"https:\/\/ayurveda-am-chiemsee.com\/\"},{\"@type\":\"ListItem\",\"position\":2,\"name\":\"Kalari Massagen\"}]},{\"@type\":\"WebSite\",\"@id\":\"https:\/\/ayurveda-am-chiemsee.com\/#website\",\"url\":\"https:\/\/ayurveda-am-chiemsee.com\/\",\"name\":\"Ayurveda am Chiemsee\",\"description\":\"Gesundheit | Entspannung | Wohlbefinden\",\"potentialAction\":[{\"@type\":\"SearchAction\",\"target\":{\"@type\":\"EntryPoint\",\"urlTemplate\":\"https:\/\/ayurveda-am-chiemsee.com\/?s={search_term_string}\"},\"query-input\":\"required name=search_term_string\"}],\"inLanguage\":\"de\"}]}<\/script>\n<!-- \/ Yoast SEO plugin. -->","yoast_head_json":{"title":"Kalari Massagen - Ayurveda am Chiemsee","robots":{"index":"index","follow":"follow","max-snippet":"max-snippet:-1","max-image-preview":"max-image-preview:large","max-video-preview":"max-video-preview:-1"},"canonical":"https:\/\/ayurveda-am-chiemsee.com\/index.php\/kalari-massagen\/","og_locale":"de_DE","og_type":"article","og_title":"Kalari Massagen - Ayurveda am Chiemsee","og_description":"Kalari Massagen &nbsp; Die Heilkunst Kalari Chikitza entwickelte sich vor ca 5000 Jahren parallel zu der in S\u00fcdindien beheimateten Kampfkunst Kalaripayatt. Nach [&hellip;]","og_url":"https:\/\/ayurveda-am-chiemsee.com\/index.php\/kalari-massagen\/","og_site_name":"Ayurveda am Chiemsee","article_modified_time":"2021-03-18T10:43:50+00:00","twitter_card":"summary_large_image","twitter_misc":{"Gesch\u00e4tzte Lesezeit":"1\u00a0Minute"},"schema":{"@context":"https:\/\/schema.org","@graph":[{"@type":"WebPage","@id":"https:\/\/ayurveda-am-chiemsee.com\/index.php\/kalari-massagen\/","url":"https:\/\/ayurveda-am-chiemsee.com\/index.php\/kalari-massagen\/","name":"Kalari Massagen - Ayurveda am Chiemsee","isPartOf":{"@id":"https:\/\/ayurveda-am-chiemsee.com\/#website"},"datePublished":"2021-02-26T12:13:40+00:00","dateModified":"2021-03-18T10:43:50+00:00","breadcrumb":{"@id":"https:\/\/ayurveda-am-chiemsee.com\/index.php\/kalari-massagen\/#breadcrumb"},"inLanguage":"de","potentialAction":[{"@type":"ReadAction","target":["https:\/\/ayurveda-am-chiemsee.com\/index.php\/kalari-massagen\/"]}]},{"@type":"BreadcrumbList","@id":"https:\/\/ayurveda-am-chiemsee.com\/index.php\/kalari-massagen\/#breadcrumb","itemListElement":[{"@type":"ListItem","position":1,"name":"Startseite","item":"https:\/\/ayurveda-am-chiemsee.com\/"},{"@type":"ListItem","position":2,"name":"Kalari Massagen"}]},{"@type":"WebSite","@id":"https:\/\/ayurveda-am-chiemsee.com\/#website","url":"https:\/\/ayurveda-am-chiemsee.com\/","name":"Ayurveda am Chiemsee","description":"Gesundheit | Entspannung | Wohlbefinden","potentialAction":[{"@type":"SearchAction","target":{"@type":"EntryPoint","urlTemplate":"https:\/\/ayurveda-am-chiemsee.com\/?s={search_term_string}"},"query-input":"required name=search_term_string"}],"inLanguage":"de"}]}},"_links":{"self":[{"href":"https:\/\/ayurveda-am-chiemsee.com\/index.php\/wp-json\/wp\/v2\/pages\/71","targetHints":{"allow":["GET"]}}],"collection":[{"href":"https:\/\/ayurveda-am-chiemsee.com\/index.php\/wp-json\/wp\/v2\/pages"}],"about":[{"href":"https:\/\/ayurveda-am-chiemsee.com\/index.php\/wp-json\/wp\/v2\/types\/page"}],"author":[{"embeddable":true,"href":"https:\/\/ayurveda-am-chiemsee.com\/index.php\/wp-json\/wp\/v2\/users\/1"}],"replies":[{"embeddable":true,"href":"https:\/\/ayurveda-am-chiemsee.com\/index.php\/wp-json\/wp\/v2\/comments?post=71"}],"version-history":[{"count":16,"href":"https:\/\/ayurveda-am-chiemsee.com\/index.php\/wp-json\/wp\/v2\/pages\/71\/revisions"}],"predecessor-version":[{"id":239,"href":"https:\/\/ayurveda-am-chiemsee.com\/index.php\/wp-json\/wp\/v2\/pages\/71\/revisions\/239"}],"wp:attachment":[{"href":"https:\/\/ayurveda-am-chiemsee.com\/index.php\/wp-json\/wp\/v2\/media?parent=71"}],"curies":[{"name":"wp","href":"https:\/\/api.w.org\/{rel}","templated":true}]}}