{"id":78,"date":"2021-02-26T12:19:32","date_gmt":"2021-02-26T12:19:32","guid":{"rendered":"https:\/\/ayurveda-am-chiemsee.com\/?page_id=78"},"modified":"2022-10-27T08:43:58","modified_gmt":"2022-10-27T08:43:58","slug":"vita","status":"publish","type":"page","link":"https:\/\/ayurveda-am-chiemsee.com\/index.php\/vita\/","title":{"rendered":"\u00dcber mich"},"content":{"rendered":"<p><img loading=\"lazy\" decoding=\"async\" class=\"alignnone size-medium wp-image-77 aligncenter\" src=\"https:\/\/ayurveda-am-chiemsee.com\/wp-content\/uploads\/2021\/02\/e62f58b2-b0fc-4edc-9e96-d84ca18702c3-300x225.jpg\" alt=\"\" width=\"300\" height=\"225\" srcset=\"https:\/\/ayurveda-am-chiemsee.com\/wp-content\/uploads\/2021\/02\/e62f58b2-b0fc-4edc-9e96-d84ca18702c3-300x225.jpg 300w, https:\/\/ayurveda-am-chiemsee.com\/wp-content\/uploads\/2021\/02\/e62f58b2-b0fc-4edc-9e96-d84ca18702c3-768x576.jpg 768w, https:\/\/ayurveda-am-chiemsee.com\/wp-content\/uploads\/2021\/02\/e62f58b2-b0fc-4edc-9e96-d84ca18702c3-830x623.jpg 830w, https:\/\/ayurveda-am-chiemsee.com\/wp-content\/uploads\/2021\/02\/e62f58b2-b0fc-4edc-9e96-d84ca18702c3-230x173.jpg 230w, https:\/\/ayurveda-am-chiemsee.com\/wp-content\/uploads\/2021\/02\/e62f58b2-b0fc-4edc-9e96-d84ca18702c3-350x263.jpg 350w, https:\/\/ayurveda-am-chiemsee.com\/wp-content\/uploads\/2021\/02\/e62f58b2-b0fc-4edc-9e96-d84ca18702c3-480x360.jpg 480w, https:\/\/ayurveda-am-chiemsee.com\/wp-content\/uploads\/2021\/02\/e62f58b2-b0fc-4edc-9e96-d84ca18702c3.jpg 1024w\" sizes=\"auto, (max-width: 300px) 100vw, 300px\" \/><\/p>\n<p>&nbsp;<\/p>\n<ul>\n<li><strong>Margareta Thalmaier, Heilpraktikerin, Ayurveda- und Kalaritherapeutin und Kalaritrainerin<\/strong><\/li>\n<li>Ich bin Jahrgang 1957<\/li>\n<li>Ausbildung zur pharmazeutisch-technischen Assistentin (PTA)<\/li>\n<li>Heilpraktikerin bin ich seit 1994<\/li>\n<li>Seit 2008 war ich j\u00e4hrlich in Indien (Kerala) zu Training und Weiterbildung in Kalarippayattu (Traditionelle Kampf- und Heilkunst)<\/li>\n<li>2017 absolvierte ich die Ausbildung zur Ayurveda Therapeutin bei Dr. (B.A.M.S) E.P. Jeevan am Ayurveda Care Institut<\/li>\n<\/ul>\n<p>Nach meiner Ausbildung zur Pharmazeutisch technischen Assistentin habe ich immer im pharmazeutisch-medizinischen Bereich gearbeitet. Dazwischen waren 10 Jahre Kinderpause 1980-1990.<\/p>\n<p>Aufgrund pers\u00f6nlicher Erfahrungen habe ich einen neuen Weg eingeschlagen und mich weitergebildet zur Heilpraktikerin.<\/p>\n<p>Erstmalig im Jahr 2007 kam ich in Kontakt mit der Kampf- und Heilkunst des Kalaripayattu.<\/p>\n<p>Seit 2008 besuche ich jedes Jahr erneut das s\u00fcdindische Kerala zum Training und zur Weiterbildung. Die N\u00e4he zu traditionellen indischen Heilk\u00fcnsten brachte mich alsbald zum Ayurveda als der bis heute wichtigsten ganzheitlichen Heilkunst mit seiner \u00fcber 5000j\u00e4hrigen Geschichte und Kultur. Die Ausbildung zur Ayurveda Therapeutin schloss ich erfolgreich im Jahr 2017 ab. Seither praktiziere ich als Ayurveda Therapeutin.<\/p>\n<p>Gem\u00e4\u00df bayrischer Infektionsschutzma\u00dfnahmenverordnung \u00a712 Abs. 3 sind weiterhin im Rahmen der bayrischen <a href=\"https:\/\/ayurveda-am-chiemsee.com\/index.php\/corona-info\/\" target=\"_blank\" rel=\"noopener\">Corona-Regelungen<\/a> medizinisch notwendige Behandlungen m\u00f6glich, hierzu z\u00e4hlen ebenfalls die Behandlungen (auch Massagen) durch einen Heilpraktiker.<\/p>\n<p>Gerne begr\u00fc\u00dfe ich Sie in meiner Ayurveda Praxis am herrlichen Chiemsee!<\/p>\n<a class=\"maxbutton-2 maxbutton maxbutton-kontakt\" target=\"_blank\" rel=\"noopener\" href=\"\/index.php\/kontakt\/\"><span class='mb-text'>Kontakt<\/span><\/a>\n<p>Besuchen Sie gerne auch die Seiten meiner Kollegin <a href=\"http:\/\/www.araliya.de\/home.html\" target=\"_blank\" rel=\"noopener\">Susanne del Gesso<\/a>.<\/p>\n<p>&nbsp;<\/p>\n","protected":false},"excerpt":{"rendered":"<p>&nbsp; Margareta Thalmaier, Heilpraktikerin, Ayurveda- und Kalaritherapeutin und Kalaritrainerin Ich bin Jahrgang 1957 Ausbildung zur pharmazeutisch-technischen Assistentin (PTA) Heilpraktikerin bin ich seit [&hellip;]<\/p>\n","protected":false},"author":1,"featured_media":0,"parent":0,"menu_order":0,"comment_status":"closed","ping_status":"closed","template":"","meta":{"footnotes":""},"class_list":["post-78","page","type-page","status-publish","hentry"],"yoast_head":"<!-- This site is optimized with the Yoast SEO plugin v19.7.2 - https:\/\/yoast.com\/wordpress\/plugins\/seo\/ -->\n<title>\u00dcber mich - Ayurveda am Chiemsee<\/title>\n<meta name=\"robots\" content=\"index, follow, max-snippet:-1, max-image-preview:large, max-video-preview:-1\" \/>\n<link rel=\"canonical\" href=\"https:\/\/ayurveda-am-chiemsee.com\/index.php\/vita\/\" \/>\n<meta property=\"og:locale\" content=\"de_DE\" \/>\n<meta property=\"og:type\" content=\"article\" \/>\n<meta property=\"og:title\" content=\"\u00dcber mich - Ayurveda am Chiemsee\" \/>\n<meta property=\"og:description\" content=\"&nbsp; Margareta Thalmaier, Heilpraktikerin, Ayurveda- und Kalaritherapeutin und Kalaritrainerin Ich bin Jahrgang 1957 Ausbildung zur pharmazeutisch-technischen Assistentin (PTA) Heilpraktikerin bin ich seit [&hellip;]\" \/>\n<meta property=\"og:url\" content=\"https:\/\/ayurveda-am-chiemsee.com\/index.php\/vita\/\" \/>\n<meta property=\"og:site_name\" content=\"Ayurveda am Chiemsee\" \/>\n<meta property=\"article:modified_time\" content=\"2022-10-27T08:43:58+00:00\" \/>\n<meta property=\"og:image\" content=\"https:\/\/ayurveda-am-chiemsee.com\/wp-content\/uploads\/2021\/02\/e62f58b2-b0fc-4edc-9e96-d84ca18702c3-300x225.jpg\" \/>\n<meta name=\"twitter:card\" content=\"summary_large_image\" \/>\n<meta name=\"twitter:label1\" content=\"Gesch\u00e4tzte Lesezeit\" \/>\n\t<meta name=\"twitter:data1\" content=\"2\u00a0Minuten\" \/>\n<script type=\"application\/ld+json\" class=\"yoast-schema-graph\">{\"@context\":\"https:\/\/schema.org\",\"@graph\":[{\"@type\":\"WebPage\",\"@id\":\"https:\/\/ayurveda-am-chiemsee.com\/index.php\/vita\/\",\"url\":\"https:\/\/ayurveda-am-chiemsee.com\/index.php\/vita\/\",\"name\":\"\u00dcber mich - Ayurveda am Chiemsee\",\"isPartOf\":{\"@id\":\"https:\/\/ayurveda-am-chiemsee.com\/#website\"},\"datePublished\":\"2021-02-26T12:19:32+00:00\",\"dateModified\":\"2022-10-27T08:43:58+00:00\",\"breadcrumb\":{\"@id\":\"https:\/\/ayurveda-am-chiemsee.com\/index.php\/vita\/#breadcrumb\"},\"inLanguage\":\"de\",\"potentialAction\":[{\"@type\":\"ReadAction\",\"target\":[\"https:\/\/ayurveda-am-chiemsee.com\/index.php\/vita\/\"]}]},{\"@type\":\"BreadcrumbList\",\"@id\":\"https:\/\/ayurveda-am-chiemsee.com\/index.php\/vita\/#breadcrumb\",\"itemListElement\":[{\"@type\":\"ListItem\",\"position\":1,\"name\":\"Startseite\",\"item\":\"https:\/\/ayurveda-am-chiemsee.com\/\"},{\"@type\":\"ListItem\",\"position\":2,\"name\":\"\u00dcber mich\"}]},{\"@type\":\"WebSite\",\"@id\":\"https:\/\/ayurveda-am-chiemsee.com\/#website\",\"url\":\"https:\/\/ayurveda-am-chiemsee.com\/\",\"name\":\"Ayurveda am Chiemsee\",\"description\":\"Gesundheit | Entspannung | Wohlbefinden\",\"potentialAction\":[{\"@type\":\"SearchAction\",\"target\":{\"@type\":\"EntryPoint\",\"urlTemplate\":\"https:\/\/ayurveda-am-chiemsee.com\/?s={search_term_string}\"},\"query-input\":\"required name=search_term_string\"}],\"inLanguage\":\"de\"}]}<\/script>\n<!-- \/ Yoast SEO plugin. -->","yoast_head_json":{"title":"\u00dcber mich - Ayurveda am Chiemsee","robots":{"index":"index","follow":"follow","max-snippet":"max-snippet:-1","max-image-preview":"max-image-preview:large","max-video-preview":"max-video-preview:-1"},"canonical":"https:\/\/ayurveda-am-chiemsee.com\/index.php\/vita\/","og_locale":"de_DE","og_type":"article","og_title":"\u00dcber mich - Ayurveda am Chiemsee","og_description":"&nbsp; Margareta Thalmaier, Heilpraktikerin, Ayurveda- und Kalaritherapeutin und Kalaritrainerin Ich bin Jahrgang 1957 Ausbildung zur pharmazeutisch-technischen Assistentin (PTA) Heilpraktikerin bin ich seit [&hellip;]","og_url":"https:\/\/ayurveda-am-chiemsee.com\/index.php\/vita\/","og_site_name":"Ayurveda am Chiemsee","article_modified_time":"2022-10-27T08:43:58+00:00","og_image":[{"url":"https:\/\/ayurveda-am-chiemsee.com\/wp-content\/uploads\/2021\/02\/e62f58b2-b0fc-4edc-9e96-d84ca18702c3-300x225.jpg"}],"twitter_card":"summary_large_image","twitter_misc":{"Gesch\u00e4tzte Lesezeit":"2\u00a0Minuten"},"schema":{"@context":"https:\/\/schema.org","@graph":[{"@type":"WebPage","@id":"https:\/\/ayurveda-am-chiemsee.com\/index.php\/vita\/","url":"https:\/\/ayurveda-am-chiemsee.com\/index.php\/vita\/","name":"\u00dcber mich - Ayurveda am Chiemsee","isPartOf":{"@id":"https:\/\/ayurveda-am-chiemsee.com\/#website"},"datePublished":"2021-02-26T12:19:32+00:00","dateModified":"2022-10-27T08:43:58+00:00","breadcrumb":{"@id":"https:\/\/ayurveda-am-chiemsee.com\/index.php\/vita\/#breadcrumb"},"inLanguage":"de","potentialAction":[{"@type":"ReadAction","target":["https:\/\/ayurveda-am-chiemsee.com\/index.php\/vita\/"]}]},{"@type":"BreadcrumbList","@id":"https:\/\/ayurveda-am-chiemsee.com\/index.php\/vita\/#breadcrumb","itemListElement":[{"@type":"ListItem","position":1,"name":"Startseite","item":"https:\/\/ayurveda-am-chiemsee.com\/"},{"@type":"ListItem","position":2,"name":"\u00dcber mich"}]},{"@type":"WebSite","@id":"https:\/\/ayurveda-am-chiemsee.com\/#website","url":"https:\/\/ayurveda-am-chiemsee.com\/","name":"Ayurveda am Chiemsee","description":"Gesundheit | Entspannung | Wohlbefinden","potentialAction":[{"@type":"SearchAction","target":{"@type":"EntryPoint","urlTemplate":"https:\/\/ayurveda-am-chiemsee.com\/?s={search_term_string}"},"query-input":"required name=search_term_string"}],"inLanguage":"de"}]}},"_links":{"self":[{"href":"https:\/\/ayurveda-am-chiemsee.com\/index.php\/wp-json\/wp\/v2\/pages\/78","targetHints":{"allow":["GET"]}}],"collection":[{"href":"https:\/\/ayurveda-am-chiemsee.com\/index.php\/wp-json\/wp\/v2\/pages"}],"about":[{"href":"https:\/\/ayurveda-am-chiemsee.com\/index.php\/wp-json\/wp\/v2\/types\/page"}],"author":[{"embeddable":true,"href":"https:\/\/ayurveda-am-chiemsee.com\/index.php\/wp-json\/wp\/v2\/users\/1"}],"replies":[{"embeddable":true,"href":"https:\/\/ayurveda-am-chiemsee.com\/index.php\/wp-json\/wp\/v2\/comments?post=78"}],"version-history":[{"count":11,"href":"https:\/\/ayurveda-am-chiemsee.com\/index.php\/wp-json\/wp\/v2\/pages\/78\/revisions"}],"predecessor-version":[{"id":333,"href":"https:\/\/ayurveda-am-chiemsee.com\/index.php\/wp-json\/wp\/v2\/pages\/78\/revisions\/333"}],"wp:attachment":[{"href":"https:\/\/ayurveda-am-chiemsee.com\/index.php\/wp-json\/wp\/v2\/media?parent=78"}],"curies":[{"name":"wp","href":"https:\/\/api.w.org\/{rel}","templated":true}]}}